{"id":1827,"date":"2022-06-21T17:04:16","date_gmt":"2022-06-21T17:04:16","guid":{"rendered":"https:\/\/www.mariavilabrugue.com\/valores-copy\/"},"modified":"2022-07-05T18:29:13","modified_gmt":"2022-07-05T18:29:13","slug":"colaboradores","status":"publish","type":"page","link":"https:\/\/www.mariavilabrugue.com\/es\/colaboradores\/","title":{"rendered":"Colaboradores"},"content":{"rendered":"\t\t<div data-elementor-type=\"wp-page\" data-elementor-id=\"1827\" class=\"elementor elementor-1827\" data-elementor-post-type=\"page\">\n\t\t\t\t\t\t<section class=\"elementor-section elementor-top-section elementor-element elementor-element-93488aa elementor-section-boxed elementor-section-height-default elementor-section-height-default\" data-id=\"93488aa\" data-element_type=\"section\" data-e-type=\"section\" data-settings=\"{&quot;background_background&quot;:&quot;classic&quot;}\">\n\t\t\t\t\t\t<div class=\"elementor-container elementor-column-gap-no\">\n\t\t\t\t\t<div class=\"elementor-column elementor-col-100 elementor-top-column elementor-element elementor-element-0c95332\" data-id=\"0c95332\" data-element_type=\"column\" data-e-type=\"column\">\n\t\t\t<div class=\"elementor-widget-wrap elementor-element-populated\">\n\t\t\t\t\t\t<div class=\"elementor-element elementor-element-d82acff elementor-widget elementor-widget-heading\" data-id=\"d82acff\" data-element_type=\"widget\" data-e-type=\"widget\" data-widget_type=\"heading.default\">\n\t\t\t\t<div class=\"elementor-widget-container\">\n\t\t\t\t\t<h1 class=\"elementor-heading-title elementor-size-default\">Colaboradores<\/h1>\t\t\t\t<\/div>\n\t\t\t\t<\/div>\n\t\t\t\t\t<\/div>\n\t\t<\/div>\n\t\t\t\t\t<\/div>\n\t\t<\/section>\n\t\t\t\t<section class=\"elementor-section elementor-top-section elementor-element elementor-element-8843bff elementor-section-content-middle elementor-section-boxed elementor-section-height-default elementor-section-height-default\" data-id=\"8843bff\" data-element_type=\"section\" data-e-type=\"section\" data-settings=\"{&quot;background_background&quot;:&quot;classic&quot;}\">\n\t\t\t\t\t\t<div class=\"elementor-container elementor-column-gap-no\">\n\t\t\t\t\t<div class=\"elementor-column elementor-col-100 elementor-top-column elementor-element elementor-element-3defe21\" data-id=\"3defe21\" data-element_type=\"column\" data-e-type=\"column\">\n\t\t\t<div class=\"elementor-widget-wrap elementor-element-populated\">\n\t\t\t\t\t\t<section class=\"elementor-section elementor-inner-section elementor-element elementor-element-2a91513 elementor-section-boxed elementor-section-height-default elementor-section-height-default\" data-id=\"2a91513\" data-element_type=\"section\" data-e-type=\"section\">\n\t\t\t\t\t\t<div class=\"elementor-container elementor-column-gap-no\">\n\t\t\t\t\t<div class=\"elementor-column elementor-col-50 elementor-inner-column elementor-element elementor-element-54491d4\" data-id=\"54491d4\" data-element_type=\"column\" data-e-type=\"column\">\n\t\t\t<div class=\"elementor-widget-wrap elementor-element-populated\">\n\t\t\t\t\t\t<div class=\"elementor-element elementor-element-d0767bc elementor-widget elementor-widget-heading\" data-id=\"d0767bc\" data-element_type=\"widget\" data-e-type=\"widget\" data-widget_type=\"heading.default\">\n\t\t\t\t<div class=\"elementor-widget-container\">\n\t\t\t\t\t<div class=\"elementor-heading-title elementor-size-default\">Trabajo de forma multidisciplinar de acreditada experiencia y reconocido prestigio, que presta un servicio integral, trabajando en estrecha colaboraci\u00f3n con profesionales, de distintos \u00e1mbitos, ofreciendo acompa\u00f1amiento de coaches profesionales durante todo el proceso legal.<\/div>\t\t\t\t<\/div>\n\t\t\t\t<\/div>\n\t\t\t\t<div class=\"elementor-element elementor-element-27be402 elementor-widget elementor-widget-text-editor\" data-id=\"27be402\" data-element_type=\"widget\" data-e-type=\"widget\" data-widget_type=\"text-editor.default\">\n\t\t\t\t<div class=\"elementor-widget-container\">\n\t\t\t\t\t\t\t\t\t<p>Cuento con profesionales debidamente titulados y con a\u00f1os de experiencia en el sector que le ofrecer\u00e1n un servicio serio, de calidad y tratado siempre con la mayor confidencialidad.<\/p>\t\t\t\t\t\t\t\t<\/div>\n\t\t\t\t<\/div>\n\t\t\t\t\t<\/div>\n\t\t<\/div>\n\t\t\t\t<div class=\"elementor-column elementor-col-50 elementor-inner-column elementor-element elementor-element-9d864b2\" data-id=\"9d864b2\" data-element_type=\"column\" data-e-type=\"column\">\n\t\t\t<div class=\"elementor-widget-wrap elementor-element-populated\">\n\t\t\t\t\t\t<div class=\"elementor-element elementor-element-cd99dc8 elementor-widget elementor-widget-image\" data-id=\"cd99dc8\" data-element_type=\"widget\" data-e-type=\"widget\" data-widget_type=\"image.default\">\n\t\t\t\t<div class=\"elementor-widget-container\">\n\t\t\t\t\t\t\t\t\t\t\t\t\t\t\t<img fetchpriority=\"high\" decoding=\"async\" width=\"835\" height=\"478\" src=\"https:\/\/www.mariavilabrugue.com\/wp-content\/uploads\/2022\/07\/abogados.png\" class=\"attachment-full size-full wp-image-2046\" alt=\"Advocats a Girona i Assessorament Legal\" srcset=\"https:\/\/www.mariavilabrugue.com\/wp-content\/uploads\/2022\/07\/abogados.png 835w, https:\/\/www.mariavilabrugue.com\/wp-content\/uploads\/2022\/07\/abogados-300x172.png 300w, https:\/\/www.mariavilabrugue.com\/wp-content\/uploads\/2022\/07\/abogados-768x440.png 768w\" sizes=\"(max-width: 835px) 100vw, 835px\" \/>\t\t\t\t\t\t\t\t\t\t\t\t\t\t\t<\/div>\n\t\t\t\t<\/div>\n\t\t\t\t\t<\/div>\n\t\t<\/div>\n\t\t\t\t\t<\/div>\n\t\t<\/section>\n\t\t\t\t\t<\/div>\n\t\t<\/div>\n\t\t\t\t\t<\/div>\n\t\t<\/section>\n\t\t\t\t<\/div>\n\t\t","protected":false},"excerpt":{"rendered":"<p>Colaboradores Trabajo de forma multidisciplinar de acreditada experiencia y reconocido prestigio, que presta un servicio integral, trabajando en estrecha colaboraci\u00f3n con profesionales, de distintos \u00e1mbitos, ofreciendo acompa\u00f1amiento de coaches profesionales durante todo el proceso legal. Cuento con profesionales debidamente titulados y con a\u00f1os de experiencia en el sector que le ofrecer\u00e1n un servicio serio, de [&hellip;]<\/p>\n","protected":false},"author":1,"featured_media":0,"parent":0,"menu_order":0,"comment_status":"closed","ping_status":"closed","template":"","meta":{"site-sidebar-layout":"no-sidebar","site-content-layout":"page-builder","ast-site-content-layout":"default","site-content-style":"default","site-sidebar-style":"default","ast-global-header-display":"","ast-banner-title-visibility":"","ast-main-header-display":"","ast-hfb-above-header-display":"","ast-hfb-below-header-display":"","ast-hfb-mobile-header-display":"","site-post-title":"disabled","ast-breadcrumbs-content":"disabled","ast-featured-img":"disabled","footer-sml-layout":"","ast-disable-related-posts":"","theme-transparent-header-meta":"enabled","adv-header-id-meta":"","stick-header-meta":"","header-above-stick-meta":"","header-main-stick-meta":"","header-below-stick-meta":"","astra-migrate-meta-layouts":"default","ast-page-background-enabled":"default","ast-page-background-meta":{"desktop":{"background-color":"","background-image":"","background-repeat":"repeat","background-position":"center center","background-size":"auto","background-attachment":"scroll","background-type":"","background-media":"","overlay-type":"","overlay-color":"","overlay-opacity":"","overlay-gradient":""},"tablet":{"background-color":"","background-image":"","background-repeat":"repeat","background-position":"center center","background-size":"auto","background-attachment":"scroll","background-type":"","background-media":"","overlay-type":"","overlay-color":"","overlay-opacity":"","overlay-gradient":""},"mobile":{"background-color":"","background-image":"","background-repeat":"repeat","background-position":"center center","background-size":"auto","background-attachment":"scroll","background-type":"","background-media":"","overlay-type":"","overlay-color":"","overlay-opacity":"","overlay-gradient":""}},"ast-content-background-meta":{"desktop":{"background-color":"var(--ast-global-color-5)","background-image":"","background-repeat":"repeat","background-position":"center center","background-size":"auto","background-attachment":"scroll","background-type":"","background-media":"","overlay-type":"","overlay-color":"","overlay-opacity":"","overlay-gradient":""},"tablet":{"background-color":"var(--ast-global-color-5)","background-image":"","background-repeat":"repeat","background-position":"center center","background-size":"auto","background-attachment":"scroll","background-type":"","background-media":"","overlay-type":"","overlay-color":"","overlay-opacity":"","overlay-gradient":""},"mobile":{"background-color":"var(--ast-global-color-5)","background-image":"","background-repeat":"repeat","background-position":"center center","background-size":"auto","background-attachment":"scroll","background-type":"","background-media":"","overlay-type":"","overlay-color":"","overlay-opacity":"","overlay-gradient":""}},"footnotes":""},"class_list":["post-1827","page","type-page","status-publish","hentry"],"yoast_head":"<!-- This site is optimized with the Yoast SEO plugin v27.2 - https:\/\/yoast.com\/product\/yoast-seo-wordpress\/ -->\n<title>Colaboradores &#8226; Maria Vil\u00e0 Brugu\u00e9 &#8226; Abogada en Girona<\/title>\n<meta name=\"description\" content=\"Cuento con profesionales debidamente titulados y con a\u00f1os de experiencia en el sector que le ofrecer\u00e1n un servicio serio, de calidad y tratado siempre con la mayor confidencialidad.\" \/>\n<meta name=\"robots\" content=\"index, follow, max-snippet:-1, max-image-preview:large, max-video-preview:-1\" \/>\n<link rel=\"canonical\" href=\"https:\/\/www.mariavilabrugue.com\/es\/colaboradores\/\" \/>\n<meta property=\"og:locale\" content=\"es_ES\" \/>\n<meta property=\"og:type\" content=\"article\" \/>\n<meta property=\"og:title\" content=\"Colaboradores &#8226; Maria Vil\u00e0 Brugu\u00e9 &#8226; Abogada en Girona\" \/>\n<meta property=\"og:description\" content=\"Cuento con profesionales debidamente titulados y con a\u00f1os de experiencia en el sector que le ofrecer\u00e1n un servicio serio, de calidad y tratado siempre con la mayor confidencialidad.\" \/>\n<meta property=\"og:url\" content=\"https:\/\/www.mariavilabrugue.com\/es\/colaboradores\/\" \/>\n<meta property=\"og:site_name\" content=\"Maria Vil\u00e0 Brugu\u00e9\" \/>\n<meta property=\"article:modified_time\" content=\"2022-07-05T18:29:13+00:00\" \/>\n<meta property=\"og:image\" content=\"https:\/\/www.mariavilabrugue.com\/wp-content\/uploads\/2022\/07\/abogados.png\" \/>\n<meta name=\"twitter:card\" content=\"summary_large_image\" \/>\n<meta name=\"twitter:label1\" content=\"Tiempo de lectura\" \/>\n\t<meta name=\"twitter:data1\" content=\"1 minuto\" \/>\n<script type=\"application\/ld+json\" class=\"yoast-schema-graph\">{\"@context\":\"https:\/\/schema.org\",\"@graph\":[{\"@type\":\"WebPage\",\"@id\":\"https:\/\/www.mariavilabrugue.com\/es\/colaboradores\/\",\"url\":\"https:\/\/www.mariavilabrugue.com\/es\/colaboradores\/\",\"name\":\"Colaboradores &#8226; Maria Vil\u00e0 Brugu\u00e9 &#8226; Abogada en Girona\",\"isPartOf\":{\"@id\":\"https:\/\/www.mariavilabrugue.com\/es\/#website\"},\"primaryImageOfPage\":{\"@id\":\"https:\/\/www.mariavilabrugue.com\/es\/colaboradores\/#primaryimage\"},\"image\":{\"@id\":\"https:\/\/www.mariavilabrugue.com\/es\/colaboradores\/#primaryimage\"},\"thumbnailUrl\":\"https:\/\/www.mariavilabrugue.com\/wp-content\/uploads\/2022\/07\/abogados.png\",\"datePublished\":\"2022-06-21T17:04:16+00:00\",\"dateModified\":\"2022-07-05T18:29:13+00:00\",\"description\":\"Cuento con profesionales debidamente titulados y con a\u00f1os de experiencia en el sector que le ofrecer\u00e1n un servicio serio, de calidad y tratado siempre con la mayor confidencialidad.\",\"breadcrumb\":{\"@id\":\"https:\/\/www.mariavilabrugue.com\/es\/colaboradores\/#breadcrumb\"},\"inLanguage\":\"es\",\"potentialAction\":[{\"@type\":\"ReadAction\",\"target\":[\"https:\/\/www.mariavilabrugue.com\/es\/colaboradores\/\"]}]},{\"@type\":\"ImageObject\",\"inLanguage\":\"es\",\"@id\":\"https:\/\/www.mariavilabrugue.com\/es\/colaboradores\/#primaryimage\",\"url\":\"https:\/\/www.mariavilabrugue.com\/wp-content\/uploads\/2022\/07\/abogados.png\",\"contentUrl\":\"https:\/\/www.mariavilabrugue.com\/wp-content\/uploads\/2022\/07\/abogados.png\"},{\"@type\":\"BreadcrumbList\",\"@id\":\"https:\/\/www.mariavilabrugue.com\/es\/colaboradores\/#breadcrumb\",\"itemListElement\":[{\"@type\":\"ListItem\",\"position\":1,\"name\":\"Portada\",\"item\":\"https:\/\/www.mariavilabrugue.com\/es\/\"},{\"@type\":\"ListItem\",\"position\":2,\"name\":\"Colaboradores\"}]},{\"@type\":\"WebSite\",\"@id\":\"https:\/\/www.mariavilabrugue.com\/es\/#website\",\"url\":\"https:\/\/www.mariavilabrugue.com\/es\/\",\"name\":\"Maria Vil\u00e0 Brugu\u00e9\",\"description\":\"Abogados y mediadores en Girona\",\"publisher\":{\"@id\":\"https:\/\/www.mariavilabrugue.com\/es\/#organization\"},\"potentialAction\":[{\"@type\":\"SearchAction\",\"target\":{\"@type\":\"EntryPoint\",\"urlTemplate\":\"https:\/\/www.mariavilabrugue.com\/es\/?s={search_term_string}\"},\"query-input\":{\"@type\":\"PropertyValueSpecification\",\"valueRequired\":true,\"valueName\":\"search_term_string\"}}],\"inLanguage\":\"es\"},{\"@type\":\"Organization\",\"@id\":\"https:\/\/www.mariavilabrugue.com\/es\/#organization\",\"name\":\"Maria Vil\u00e0 Brugu\u00e9\",\"url\":\"https:\/\/www.mariavilabrugue.com\/es\/\",\"logo\":{\"@type\":\"ImageObject\",\"inLanguage\":\"es\",\"@id\":\"https:\/\/www.mariavilabrugue.com\/es\/#\/schema\/logo\/image\/\",\"url\":\"https:\/\/www.mariavilabrugue.com\/wp-content\/uploads\/2022\/06\/mariavilalogo.png\",\"contentUrl\":\"https:\/\/www.mariavilabrugue.com\/wp-content\/uploads\/2022\/06\/mariavilalogo.png\",\"width\":562,\"height\":200,\"caption\":\"Maria Vil\u00e0 Brugu\u00e9\"},\"image\":{\"@id\":\"https:\/\/www.mariavilabrugue.com\/es\/#\/schema\/logo\/image\/\"}}]}<\/script>\n<!-- \/ Yoast SEO plugin. -->","yoast_head_json":{"title":"Colaboradores &#8226; Maria Vil\u00e0 Brugu\u00e9 &#8226; Abogada en Girona","description":"Cuento con profesionales debidamente titulados y con a\u00f1os de experiencia en el sector que le ofrecer\u00e1n un servicio serio, de calidad y tratado siempre con la mayor confidencialidad.","robots":{"index":"index","follow":"follow","max-snippet":"max-snippet:-1","max-image-preview":"max-image-preview:large","max-video-preview":"max-video-preview:-1"},"canonical":"https:\/\/www.mariavilabrugue.com\/es\/colaboradores\/","og_locale":"es_ES","og_type":"article","og_title":"Colaboradores &#8226; Maria Vil\u00e0 Brugu\u00e9 &#8226; Abogada en Girona","og_description":"Cuento con profesionales debidamente titulados y con a\u00f1os de experiencia en el sector que le ofrecer\u00e1n un servicio serio, de calidad y tratado siempre con la mayor confidencialidad.","og_url":"https:\/\/www.mariavilabrugue.com\/es\/colaboradores\/","og_site_name":"Maria Vil\u00e0 Brugu\u00e9","article_modified_time":"2022-07-05T18:29:13+00:00","og_image":[{"url":"https:\/\/www.mariavilabrugue.com\/wp-content\/uploads\/2022\/07\/abogados.png","type":"","width":"","height":""}],"twitter_card":"summary_large_image","twitter_misc":{"Tiempo de lectura":"1 minuto"},"schema":{"@context":"https:\/\/schema.org","@graph":[{"@type":"WebPage","@id":"https:\/\/www.mariavilabrugue.com\/es\/colaboradores\/","url":"https:\/\/www.mariavilabrugue.com\/es\/colaboradores\/","name":"Colaboradores &#8226; Maria Vil\u00e0 Brugu\u00e9 &#8226; Abogada en Girona","isPartOf":{"@id":"https:\/\/www.mariavilabrugue.com\/es\/#website"},"primaryImageOfPage":{"@id":"https:\/\/www.mariavilabrugue.com\/es\/colaboradores\/#primaryimage"},"image":{"@id":"https:\/\/www.mariavilabrugue.com\/es\/colaboradores\/#primaryimage"},"thumbnailUrl":"https:\/\/www.mariavilabrugue.com\/wp-content\/uploads\/2022\/07\/abogados.png","datePublished":"2022-06-21T17:04:16+00:00","dateModified":"2022-07-05T18:29:13+00:00","description":"Cuento con profesionales debidamente titulados y con a\u00f1os de experiencia en el sector que le ofrecer\u00e1n un servicio serio, de calidad y tratado siempre con la mayor confidencialidad.","breadcrumb":{"@id":"https:\/\/www.mariavilabrugue.com\/es\/colaboradores\/#breadcrumb"},"inLanguage":"es","potentialAction":[{"@type":"ReadAction","target":["https:\/\/www.mariavilabrugue.com\/es\/colaboradores\/"]}]},{"@type":"ImageObject","inLanguage":"es","@id":"https:\/\/www.mariavilabrugue.com\/es\/colaboradores\/#primaryimage","url":"https:\/\/www.mariavilabrugue.com\/wp-content\/uploads\/2022\/07\/abogados.png","contentUrl":"https:\/\/www.mariavilabrugue.com\/wp-content\/uploads\/2022\/07\/abogados.png"},{"@type":"BreadcrumbList","@id":"https:\/\/www.mariavilabrugue.com\/es\/colaboradores\/#breadcrumb","itemListElement":[{"@type":"ListItem","position":1,"name":"Portada","item":"https:\/\/www.mariavilabrugue.com\/es\/"},{"@type":"ListItem","position":2,"name":"Colaboradores"}]},{"@type":"WebSite","@id":"https:\/\/www.mariavilabrugue.com\/es\/#website","url":"https:\/\/www.mariavilabrugue.com\/es\/","name":"Maria Vil\u00e0 Brugu\u00e9","description":"Abogados y mediadores en Girona","publisher":{"@id":"https:\/\/www.mariavilabrugue.com\/es\/#organization"},"potentialAction":[{"@type":"SearchAction","target":{"@type":"EntryPoint","urlTemplate":"https:\/\/www.mariavilabrugue.com\/es\/?s={search_term_string}"},"query-input":{"@type":"PropertyValueSpecification","valueRequired":true,"valueName":"search_term_string"}}],"inLanguage":"es"},{"@type":"Organization","@id":"https:\/\/www.mariavilabrugue.com\/es\/#organization","name":"Maria Vil\u00e0 Brugu\u00e9","url":"https:\/\/www.mariavilabrugue.com\/es\/","logo":{"@type":"ImageObject","inLanguage":"es","@id":"https:\/\/www.mariavilabrugue.com\/es\/#\/schema\/logo\/image\/","url":"https:\/\/www.mariavilabrugue.com\/wp-content\/uploads\/2022\/06\/mariavilalogo.png","contentUrl":"https:\/\/www.mariavilabrugue.com\/wp-content\/uploads\/2022\/06\/mariavilalogo.png","width":562,"height":200,"caption":"Maria Vil\u00e0 Brugu\u00e9"},"image":{"@id":"https:\/\/www.mariavilabrugue.com\/es\/#\/schema\/logo\/image\/"}}]}},"_links":{"self":[{"href":"https:\/\/www.mariavilabrugue.com\/es\/wp-json\/wp\/v2\/pages\/1827","targetHints":{"allow":["GET"]}}],"collection":[{"href":"https:\/\/www.mariavilabrugue.com\/es\/wp-json\/wp\/v2\/pages"}],"about":[{"href":"https:\/\/www.mariavilabrugue.com\/es\/wp-json\/wp\/v2\/types\/page"}],"author":[{"embeddable":true,"href":"https:\/\/www.mariavilabrugue.com\/es\/wp-json\/wp\/v2\/users\/1"}],"replies":[{"embeddable":true,"href":"https:\/\/www.mariavilabrugue.com\/es\/wp-json\/wp\/v2\/comments?post=1827"}],"version-history":[{"count":16,"href":"https:\/\/www.mariavilabrugue.com\/es\/wp-json\/wp\/v2\/pages\/1827\/revisions"}],"predecessor-version":[{"id":2053,"href":"https:\/\/www.mariavilabrugue.com\/es\/wp-json\/wp\/v2\/pages\/1827\/revisions\/2053"}],"wp:attachment":[{"href":"https:\/\/www.mariavilabrugue.com\/es\/wp-json\/wp\/v2\/media?parent=1827"}],"curies":[{"name":"wp","href":"https:\/\/api.w.org\/{rel}","templated":true}]}}