{"id":1002,"date":"2021-03-09T07:25:39","date_gmt":"2021-03-09T07:25:39","guid":{"rendered":"https:\/\/www.mariavilabrugue.com\/?page_id=1002"},"modified":"2022-06-27T09:00:57","modified_gmt":"2022-06-27T09:00:57","slug":"coach-acompanamiento","status":"publish","type":"page","link":"https:\/\/www.mariavilabrugue.com\/es\/coach-acompanamiento\/","title":{"rendered":"Coach &#038; Acompa\u00f1amiento"},"content":{"rendered":"\t\t<div data-elementor-type=\"wp-page\" data-elementor-id=\"1002\" class=\"elementor elementor-1002\" data-elementor-post-type=\"page\">\n\t\t\t\t\t\t<section class=\"elementor-section elementor-top-section elementor-element elementor-element-f6c6c7c elementor-section-boxed elementor-section-height-default elementor-section-height-default\" data-id=\"f6c6c7c\" data-element_type=\"section\" data-e-type=\"section\" data-settings=\"{&quot;background_background&quot;:&quot;classic&quot;}\">\n\t\t\t\t\t\t<div class=\"elementor-container elementor-column-gap-no\">\n\t\t\t\t\t<div class=\"elementor-column elementor-col-100 elementor-top-column elementor-element elementor-element-03c152a\" data-id=\"03c152a\" data-element_type=\"column\" data-e-type=\"column\">\n\t\t\t<div class=\"elementor-widget-wrap elementor-element-populated\">\n\t\t\t\t\t\t<div class=\"elementor-element elementor-element-2e9d5fb elementor-widget elementor-widget-heading\" data-id=\"2e9d5fb\" data-element_type=\"widget\" data-e-type=\"widget\" data-widget_type=\"heading.default\">\n\t\t\t\t<div class=\"elementor-widget-container\">\n\t\t\t\t\t<h1 class=\"elementor-heading-title elementor-size-default\">Coach &amp; Acompa\u00f1amiento<\/h1>\t\t\t\t<\/div>\n\t\t\t\t<\/div>\n\t\t\t\t\t<\/div>\n\t\t<\/div>\n\t\t\t\t\t<\/div>\n\t\t<\/section>\n\t\t\t\t<section class=\"elementor-section elementor-top-section elementor-element elementor-element-5f889d6 elementor-section-full_width elementor-section-height-default elementor-section-height-default\" data-id=\"5f889d6\" data-element_type=\"section\" data-e-type=\"section\" data-settings=\"{&quot;background_background&quot;:&quot;classic&quot;}\">\n\t\t\t\t\t\t<div class=\"elementor-container elementor-column-gap-no\">\n\t\t\t\t\t<div class=\"elementor-column elementor-col-100 elementor-top-column elementor-element elementor-element-c0af683\" data-id=\"c0af683\" data-element_type=\"column\" data-e-type=\"column\">\n\t\t\t<div class=\"elementor-widget-wrap elementor-element-populated\">\n\t\t\t\t\t\t<div class=\"elementor-element elementor-element-9bc5ead elementor-widget elementor-widget-heading\" data-id=\"9bc5ead\" data-element_type=\"widget\" data-e-type=\"widget\" data-widget_type=\"heading.default\">\n\t\t\t\t<div class=\"elementor-widget-container\">\n\t\t\t\t\t<h2 class=\"elementor-heading-title elementor-size-default\">Nuestro nuevo servicio complementario a tu proceso legal<\/h2>\t\t\t\t<\/div>\n\t\t\t\t<\/div>\n\t\t\t\t<div class=\"elementor-element elementor-element-40912eb elementor-widget elementor-widget-heading\" data-id=\"40912eb\" data-element_type=\"widget\" data-e-type=\"widget\" data-widget_type=\"heading.default\">\n\t\t\t\t<div class=\"elementor-widget-container\">\n\t\t\t\t\t<h3 class=\"elementor-heading-title elementor-size-default\">Trabajo en conjunto \nAbogada &amp; Coach\n<\/h3>\t\t\t\t<\/div>\n\t\t\t\t<\/div>\n\t\t\t\t<section class=\"elementor-section elementor-inner-section elementor-element elementor-element-ddc1c94 elementor-section-boxed elementor-section-height-default elementor-section-height-default\" data-id=\"ddc1c94\" data-element_type=\"section\" data-e-type=\"section\">\n\t\t\t\t\t\t<div class=\"elementor-container elementor-column-gap-default\">\n\t\t\t\t\t<div class=\"elementor-column elementor-col-50 elementor-inner-column elementor-element elementor-element-da4f0e6\" data-id=\"da4f0e6\" data-element_type=\"column\" data-e-type=\"column\">\n\t\t\t<div class=\"elementor-widget-wrap elementor-element-populated\">\n\t\t\t\t\t\t<div class=\"elementor-element elementor-element-cae79fa elementor-widget elementor-widget-text-editor\" data-id=\"cae79fa\" data-element_type=\"widget\" data-e-type=\"widget\" data-widget_type=\"text-editor.default\">\n\t\t\t\t<div class=\"elementor-widget-container\">\n\t\t\t\t\t\t\t\t\t<p>Dif\u00edcil es la traves\u00eda por cualquier proceso judicial.<\/p>\n<p>Dif\u00edcil entenderlo a nivel legal y dif\u00edcil saberlo gestionar en relaci\u00f3n a los acontecimientos y situaciones con la parte contraria.<\/p>\n<p>Los litigios pueden ser largos y a veces devastadores seg\u00fan el caso.<\/p>\n<p>Por ello, un acompa\u00f1amiento a lo largo y a lo ancho del proceso, puede ser la diferencia entre vivir un enfrentamiento intenso y agotador o irte empoderando poco a poco de ti mismo y de la situaci\u00f3n.<\/p>\t\t\t\t\t\t\t\t<\/div>\n\t\t\t\t<\/div>\n\t\t\t\t\t<\/div>\n\t\t<\/div>\n\t\t\t\t<div class=\"elementor-column elementor-col-50 elementor-inner-column elementor-element elementor-element-d6e43fa\" data-id=\"d6e43fa\" data-element_type=\"column\" data-e-type=\"column\">\n\t\t\t<div class=\"elementor-widget-wrap elementor-element-populated\">\n\t\t\t\t\t\t<div class=\"elementor-element elementor-element-5dcd31b elementor-widget elementor-widget-image\" data-id=\"5dcd31b\" data-element_type=\"widget\" data-e-type=\"widget\" data-widget_type=\"image.default\">\n\t\t\t\t<div class=\"elementor-widget-container\">\n\t\t\t\t\t\t\t\t\t\t\t\t\t\t\t<img fetchpriority=\"high\" decoding=\"async\" width=\"1024\" height=\"683\" src=\"https:\/\/www.mariavilabrugue.com\/wp-content\/uploads\/2022\/06\/MariaVila\u0300_014-2-1024x683.jpg\" class=\"attachment-large size-large wp-image-1707\" alt=\"\" srcset=\"https:\/\/www.mariavilabrugue.com\/wp-content\/uploads\/2022\/06\/MariaVila\u0300_014-2-1024x683.jpg 1024w, https:\/\/www.mariavilabrugue.com\/wp-content\/uploads\/2022\/06\/MariaVila\u0300_014-2-300x200.jpg 300w, https:\/\/www.mariavilabrugue.com\/wp-content\/uploads\/2022\/06\/MariaVila\u0300_014-2-768x512.jpg 768w, https:\/\/www.mariavilabrugue.com\/wp-content\/uploads\/2022\/06\/MariaVila\u0300_014-2-1536x1024.jpg 1536w, https:\/\/www.mariavilabrugue.com\/wp-content\/uploads\/2022\/06\/MariaVila\u0300_014-2-2048x1365.jpg 2048w\" sizes=\"(max-width: 1024px) 100vw, 1024px\" \/>\t\t\t\t\t\t\t\t\t\t\t\t\t\t\t<\/div>\n\t\t\t\t<\/div>\n\t\t\t\t\t<\/div>\n\t\t<\/div>\n\t\t\t\t\t<\/div>\n\t\t<\/section>\n\t\t\t\t\t<\/div>\n\t\t<\/div>\n\t\t\t\t\t<\/div>\n\t\t<\/section>\n\t\t\t\t<section class=\"elementor-section elementor-top-section elementor-element elementor-element-b1aedc0 elementor-section-full_width elementor-section-height-default elementor-section-height-default\" data-id=\"b1aedc0\" data-element_type=\"section\" data-e-type=\"section\">\n\t\t\t\t\t\t<div class=\"elementor-container elementor-column-gap-no\">\n\t\t\t\t\t<div class=\"elementor-column elementor-col-100 elementor-top-column elementor-element elementor-element-8e3371a\" data-id=\"8e3371a\" data-element_type=\"column\" data-e-type=\"column\">\n\t\t\t<div class=\"elementor-widget-wrap elementor-element-populated\">\n\t\t\t\t\t\t<section class=\"elementor-section elementor-inner-section elementor-element elementor-element-44d5b72 elementor-section-boxed elementor-section-height-default elementor-section-height-default\" data-id=\"44d5b72\" data-element_type=\"section\" data-e-type=\"section\" data-settings=\"{&quot;background_background&quot;:&quot;classic&quot;}\">\n\t\t\t\t\t\t<div class=\"elementor-container elementor-column-gap-default\">\n\t\t\t\t\t<div class=\"elementor-column elementor-col-100 elementor-inner-column elementor-element elementor-element-b6515e0\" data-id=\"b6515e0\" data-element_type=\"column\" data-e-type=\"column\">\n\t\t\t<div class=\"elementor-widget-wrap elementor-element-populated\">\n\t\t\t\t\t\t<div class=\"elementor-element elementor-element-98b71a0 elementor-widget elementor-widget-text-editor\" data-id=\"98b71a0\" data-element_type=\"widget\" data-e-type=\"widget\" data-widget_type=\"text-editor.default\">\n\t\t\t\t<div class=\"elementor-widget-container\">\n\t\t\t\t\t\t\t\t\t<p>Quiz\u00e1s creas que no es necesario, pero la realidad del intenso transcurso legal, puede hacernos ver la necesidad de hacer las cosas bien hechas\u2026 tanto en lo legal, como en este caso en lo personal.<\/p><p>Gracias a este acompa\u00f1amiento, tu bienestar personal durante el proceso, marcar\u00e1 la diferencia.<\/p>\t\t\t\t\t\t\t\t<\/div>\n\t\t\t\t<\/div>\n\t\t\t\t\t<\/div>\n\t\t<\/div>\n\t\t\t\t\t<\/div>\n\t\t<\/section>\n\t\t\t\t<section class=\"elementor-section elementor-inner-section elementor-element elementor-element-757e5e8 elementor-section-boxed elementor-section-height-default elementor-section-height-default\" data-id=\"757e5e8\" data-element_type=\"section\" data-e-type=\"section\" data-settings=\"{&quot;background_background&quot;:&quot;classic&quot;}\">\n\t\t\t\t\t\t<div class=\"elementor-container elementor-column-gap-default\">\n\t\t\t\t\t<div class=\"elementor-column elementor-col-50 elementor-inner-column elementor-element elementor-element-c88d5e5\" data-id=\"c88d5e5\" data-element_type=\"column\" data-e-type=\"column\">\n\t\t\t<div class=\"elementor-widget-wrap elementor-element-populated\">\n\t\t\t\t\t\t<div class=\"elementor-element elementor-element-c0b1ffa elementor-view-default elementor-position-block-start elementor-mobile-position-block-start elementor-widget elementor-widget-icon-box\" data-id=\"c0b1ffa\" data-element_type=\"widget\" data-e-type=\"widget\" data-widget_type=\"icon-box.default\">\n\t\t\t\t<div class=\"elementor-widget-container\">\n\t\t\t\t\t\t\t<div class=\"elementor-icon-box-wrapper\">\n\n\t\t\t\t\t\t<div class=\"elementor-icon-box-icon\">\n\t\t\t\t<span  class=\"elementor-icon\">\n\t\t\t\t<i aria-hidden=\"true\" class=\"far fa-comments\"><\/i>\t\t\t\t<\/span>\n\t\t\t<\/div>\n\t\t\t\n\t\t\t\t\t\t<div class=\"elementor-icon-box-content\">\n\n\t\t\t\t\t\t\t\t\t<h3 class=\"elementor-icon-box-title\">\n\t\t\t\t\t\t<span  >\n\t\t\t\t\t\t\tSesiones presenciales y online\t\t\t\t\t\t<\/span>\n\t\t\t\t\t<\/h3>\n\t\t\t\t\n\t\t\t\t\n\t\t\t<\/div>\n\t\t\t\n\t\t<\/div>\n\t\t\t\t\t\t<\/div>\n\t\t\t\t<\/div>\n\t\t\t\t\t<\/div>\n\t\t<\/div>\n\t\t\t\t<div class=\"elementor-column elementor-col-50 elementor-inner-column elementor-element elementor-element-6d95dda\" data-id=\"6d95dda\" data-element_type=\"column\" data-e-type=\"column\">\n\t\t\t<div class=\"elementor-widget-wrap elementor-element-populated\">\n\t\t\t\t\t\t<div class=\"elementor-element elementor-element-f635d72 elementor-view-default elementor-position-block-start elementor-mobile-position-block-start elementor-widget elementor-widget-icon-box\" data-id=\"f635d72\" data-element_type=\"widget\" data-e-type=\"widget\" data-widget_type=\"icon-box.default\">\n\t\t\t\t<div class=\"elementor-widget-container\">\n\t\t\t\t\t\t\t<div class=\"elementor-icon-box-wrapper\">\n\n\t\t\t\t\t\t<div class=\"elementor-icon-box-icon\">\n\t\t\t\t<span  class=\"elementor-icon\">\n\t\t\t\t<i aria-hidden=\"true\" class=\"fas fa-phone-volume\"><\/i>\t\t\t\t<\/span>\n\t\t\t<\/div>\n\t\t\t\n\t\t\t\t\t\t<div class=\"elementor-icon-box-content\">\n\n\t\t\t\t\t\t\t\t\t<h3 class=\"elementor-icon-box-title\">\n\t\t\t\t\t\t<span  >\n\t\t\t\t\t\t\tSesiones presenciales y online\t\t\t\t\t\t<\/span>\n\t\t\t\t\t<\/h3>\n\t\t\t\t\n\t\t\t\t\n\t\t\t<\/div>\n\t\t\t\n\t\t<\/div>\n\t\t\t\t\t\t<\/div>\n\t\t\t\t<\/div>\n\t\t\t\t\t<\/div>\n\t\t<\/div>\n\t\t\t\t\t<\/div>\n\t\t<\/section>\n\t\t\t\t\t<\/div>\n\t\t<\/div>\n\t\t\t\t\t<\/div>\n\t\t<\/section>\n\t\t\t\t<\/div>\n\t\t","protected":false},"excerpt":{"rendered":"<p>Coach &amp; Acompa\u00f1amiento Nuestro nuevo servicio complementario a tu proceso legal Trabajo en conjunto Abogada &#038; Coach Dif\u00edcil es la traves\u00eda por cualquier proceso judicial. Dif\u00edcil entenderlo a nivel legal y dif\u00edcil saberlo gestionar en relaci\u00f3n a los acontecimientos y situaciones con la parte contraria. Los litigios pueden ser largos y a veces devastadores seg\u00fan [&hellip;]<\/p>\n","protected":false},"author":1,"featured_media":0,"parent":0,"menu_order":0,"comment_status":"closed","ping_status":"closed","template":"","meta":{"site-sidebar-layout":"no-sidebar","site-content-layout":"page-builder","ast-site-content-layout":"default","site-content-style":"default","site-sidebar-style":"default","ast-global-header-display":"","ast-banner-title-visibility":"","ast-main-header-display":"","ast-hfb-above-header-display":"","ast-hfb-below-header-display":"","ast-hfb-mobile-header-display":"","site-post-title":"disabled","ast-breadcrumbs-content":"disabled","ast-featured-img":"disabled","footer-sml-layout":"","ast-disable-related-posts":"","theme-transparent-header-meta":"enabled","adv-header-id-meta":"","stick-header-meta":"","header-above-stick-meta":"","header-main-stick-meta":"","header-below-stick-meta":"","astra-migrate-meta-layouts":"default","ast-page-background-enabled":"default","ast-page-background-meta":{"desktop":{"background-color":"","background-image":"","background-repeat":"repeat","background-position":"center center","background-size":"auto","background-attachment":"scroll","background-type":"","background-media":"","overlay-type":"","overlay-color":"","overlay-opacity":"","overlay-gradient":""},"tablet":{"background-color":"","background-image":"","background-repeat":"repeat","background-position":"center center","background-size":"auto","background-attachment":"scroll","background-type":"","background-media":"","overlay-type":"","overlay-color":"","overlay-opacity":"","overlay-gradient":""},"mobile":{"background-color":"","background-image":"","background-repeat":"repeat","background-position":"center center","background-size":"auto","background-attachment":"scroll","background-type":"","background-media":"","overlay-type":"","overlay-color":"","overlay-opacity":"","overlay-gradient":""}},"ast-content-background-meta":{"desktop":{"background-color":"var(--ast-global-color-5)","background-image":"","background-repeat":"repeat","background-position":"center center","background-size":"auto","background-attachment":"scroll","background-type":"","background-media":"","overlay-type":"","overlay-color":"","overlay-opacity":"","overlay-gradient":""},"tablet":{"background-color":"var(--ast-global-color-5)","background-image":"","background-repeat":"repeat","background-position":"center center","background-size":"auto","background-attachment":"scroll","background-type":"","background-media":"","overlay-type":"","overlay-color":"","overlay-opacity":"","overlay-gradient":""},"mobile":{"background-color":"var(--ast-global-color-5)","background-image":"","background-repeat":"repeat","background-position":"center center","background-size":"auto","background-attachment":"scroll","background-type":"","background-media":"","overlay-type":"","overlay-color":"","overlay-opacity":"","overlay-gradient":""}},"footnotes":""},"class_list":["post-1002","page","type-page","status-publish","hentry"],"yoast_head":"<!-- This site is optimized with the Yoast SEO plugin v27.2 - https:\/\/yoast.com\/product\/yoast-seo-wordpress\/ -->\n<title>Coach &amp; Acompa\u00f1amiento &#8226; Maria Vil\u00e0 Brugu\u00e9 &#8226; Abogada en Girona<\/title>\n<meta name=\"description\" content=\"Un acompa\u00f1amiento a lo largo y a lo ancho del proceso, puede ser la diferencia entre vivir un enfrentamiento intenso y agotador o irte empoderando poco a poco de ti mismo y de la situaci\u00f3n.\" \/>\n<meta name=\"robots\" content=\"index, follow, max-snippet:-1, max-image-preview:large, max-video-preview:-1\" \/>\n<link rel=\"canonical\" href=\"https:\/\/www.mariavilabrugue.com\/es\/coach-acompanamiento\/\" \/>\n<meta property=\"og:locale\" content=\"es_ES\" \/>\n<meta property=\"og:type\" content=\"article\" \/>\n<meta property=\"og:title\" content=\"Coach &amp; Acompa\u00f1amiento &#8226; Maria Vil\u00e0 Brugu\u00e9 &#8226; Abogada en Girona\" \/>\n<meta property=\"og:description\" content=\"Un acompa\u00f1amiento a lo largo y a lo ancho del proceso, puede ser la diferencia entre vivir un enfrentamiento intenso y agotador o irte empoderando poco a poco de ti mismo y de la situaci\u00f3n.\" \/>\n<meta property=\"og:url\" content=\"https:\/\/www.mariavilabrugue.com\/es\/coach-acompanamiento\/\" \/>\n<meta property=\"og:site_name\" content=\"Maria Vil\u00e0 Brugu\u00e9\" \/>\n<meta property=\"article:modified_time\" content=\"2022-06-27T09:00:57+00:00\" \/>\n<meta name=\"twitter:card\" content=\"summary_large_image\" \/>\n<meta name=\"twitter:label1\" content=\"Tiempo de lectura\" \/>\n\t<meta name=\"twitter:data1\" content=\"1 minuto\" \/>\n<script type=\"application\/ld+json\" class=\"yoast-schema-graph\">{\"@context\":\"https:\/\/schema.org\",\"@graph\":[{\"@type\":\"WebPage\",\"@id\":\"https:\/\/www.mariavilabrugue.com\/es\/coach-acompanamiento\/\",\"url\":\"https:\/\/www.mariavilabrugue.com\/es\/coach-acompanamiento\/\",\"name\":\"Coach & Acompa\u00f1amiento &#8226; Maria Vil\u00e0 Brugu\u00e9 &#8226; Abogada en Girona\",\"isPartOf\":{\"@id\":\"https:\/\/www.mariavilabrugue.com\/es\/#website\"},\"datePublished\":\"2021-03-09T07:25:39+00:00\",\"dateModified\":\"2022-06-27T09:00:57+00:00\",\"description\":\"Un acompa\u00f1amiento a lo largo y a lo ancho del proceso, puede ser la diferencia entre vivir un enfrentamiento intenso y agotador o irte empoderando poco a poco de ti mismo y de la situaci\u00f3n.\",\"breadcrumb\":{\"@id\":\"https:\/\/www.mariavilabrugue.com\/es\/coach-acompanamiento\/#breadcrumb\"},\"inLanguage\":\"es\",\"potentialAction\":[{\"@type\":\"ReadAction\",\"target\":[\"https:\/\/www.mariavilabrugue.com\/es\/coach-acompanamiento\/\"]}]},{\"@type\":\"BreadcrumbList\",\"@id\":\"https:\/\/www.mariavilabrugue.com\/es\/coach-acompanamiento\/#breadcrumb\",\"itemListElement\":[{\"@type\":\"ListItem\",\"position\":1,\"name\":\"Portada\",\"item\":\"https:\/\/www.mariavilabrugue.com\/es\/\"},{\"@type\":\"ListItem\",\"position\":2,\"name\":\"Coach &#038; Acompa\u00f1amiento\"}]},{\"@type\":\"WebSite\",\"@id\":\"https:\/\/www.mariavilabrugue.com\/es\/#website\",\"url\":\"https:\/\/www.mariavilabrugue.com\/es\/\",\"name\":\"Maria Vil\u00e0 Brugu\u00e9\",\"description\":\"Abogados y mediadores en Girona\",\"publisher\":{\"@id\":\"https:\/\/www.mariavilabrugue.com\/es\/#organization\"},\"potentialAction\":[{\"@type\":\"SearchAction\",\"target\":{\"@type\":\"EntryPoint\",\"urlTemplate\":\"https:\/\/www.mariavilabrugue.com\/es\/?s={search_term_string}\"},\"query-input\":{\"@type\":\"PropertyValueSpecification\",\"valueRequired\":true,\"valueName\":\"search_term_string\"}}],\"inLanguage\":\"es\"},{\"@type\":\"Organization\",\"@id\":\"https:\/\/www.mariavilabrugue.com\/es\/#organization\",\"name\":\"Maria Vil\u00e0 Brugu\u00e9\",\"url\":\"https:\/\/www.mariavilabrugue.com\/es\/\",\"logo\":{\"@type\":\"ImageObject\",\"inLanguage\":\"es\",\"@id\":\"https:\/\/www.mariavilabrugue.com\/es\/#\/schema\/logo\/image\/\",\"url\":\"https:\/\/www.mariavilabrugue.com\/wp-content\/uploads\/2022\/06\/mariavilalogo.png\",\"contentUrl\":\"https:\/\/www.mariavilabrugue.com\/wp-content\/uploads\/2022\/06\/mariavilalogo.png\",\"width\":562,\"height\":200,\"caption\":\"Maria Vil\u00e0 Brugu\u00e9\"},\"image\":{\"@id\":\"https:\/\/www.mariavilabrugue.com\/es\/#\/schema\/logo\/image\/\"}}]}<\/script>\n<!-- \/ Yoast SEO plugin. -->","yoast_head_json":{"title":"Coach & Acompa\u00f1amiento &#8226; Maria Vil\u00e0 Brugu\u00e9 &#8226; Abogada en Girona","description":"Un acompa\u00f1amiento a lo largo y a lo ancho del proceso, puede ser la diferencia entre vivir un enfrentamiento intenso y agotador o irte empoderando poco a poco de ti mismo y de la situaci\u00f3n.","robots":{"index":"index","follow":"follow","max-snippet":"max-snippet:-1","max-image-preview":"max-image-preview:large","max-video-preview":"max-video-preview:-1"},"canonical":"https:\/\/www.mariavilabrugue.com\/es\/coach-acompanamiento\/","og_locale":"es_ES","og_type":"article","og_title":"Coach & Acompa\u00f1amiento &#8226; Maria Vil\u00e0 Brugu\u00e9 &#8226; Abogada en Girona","og_description":"Un acompa\u00f1amiento a lo largo y a lo ancho del proceso, puede ser la diferencia entre vivir un enfrentamiento intenso y agotador o irte empoderando poco a poco de ti mismo y de la situaci\u00f3n.","og_url":"https:\/\/www.mariavilabrugue.com\/es\/coach-acompanamiento\/","og_site_name":"Maria Vil\u00e0 Brugu\u00e9","article_modified_time":"2022-06-27T09:00:57+00:00","twitter_card":"summary_large_image","twitter_misc":{"Tiempo de lectura":"1 minuto"},"schema":{"@context":"https:\/\/schema.org","@graph":[{"@type":"WebPage","@id":"https:\/\/www.mariavilabrugue.com\/es\/coach-acompanamiento\/","url":"https:\/\/www.mariavilabrugue.com\/es\/coach-acompanamiento\/","name":"Coach & Acompa\u00f1amiento &#8226; Maria Vil\u00e0 Brugu\u00e9 &#8226; Abogada en Girona","isPartOf":{"@id":"https:\/\/www.mariavilabrugue.com\/es\/#website"},"datePublished":"2021-03-09T07:25:39+00:00","dateModified":"2022-06-27T09:00:57+00:00","description":"Un acompa\u00f1amiento a lo largo y a lo ancho del proceso, puede ser la diferencia entre vivir un enfrentamiento intenso y agotador o irte empoderando poco a poco de ti mismo y de la situaci\u00f3n.","breadcrumb":{"@id":"https:\/\/www.mariavilabrugue.com\/es\/coach-acompanamiento\/#breadcrumb"},"inLanguage":"es","potentialAction":[{"@type":"ReadAction","target":["https:\/\/www.mariavilabrugue.com\/es\/coach-acompanamiento\/"]}]},{"@type":"BreadcrumbList","@id":"https:\/\/www.mariavilabrugue.com\/es\/coach-acompanamiento\/#breadcrumb","itemListElement":[{"@type":"ListItem","position":1,"name":"Portada","item":"https:\/\/www.mariavilabrugue.com\/es\/"},{"@type":"ListItem","position":2,"name":"Coach &#038; Acompa\u00f1amiento"}]},{"@type":"WebSite","@id":"https:\/\/www.mariavilabrugue.com\/es\/#website","url":"https:\/\/www.mariavilabrugue.com\/es\/","name":"Maria Vil\u00e0 Brugu\u00e9","description":"Abogados y mediadores en Girona","publisher":{"@id":"https:\/\/www.mariavilabrugue.com\/es\/#organization"},"potentialAction":[{"@type":"SearchAction","target":{"@type":"EntryPoint","urlTemplate":"https:\/\/www.mariavilabrugue.com\/es\/?s={search_term_string}"},"query-input":{"@type":"PropertyValueSpecification","valueRequired":true,"valueName":"search_term_string"}}],"inLanguage":"es"},{"@type":"Organization","@id":"https:\/\/www.mariavilabrugue.com\/es\/#organization","name":"Maria Vil\u00e0 Brugu\u00e9","url":"https:\/\/www.mariavilabrugue.com\/es\/","logo":{"@type":"ImageObject","inLanguage":"es","@id":"https:\/\/www.mariavilabrugue.com\/es\/#\/schema\/logo\/image\/","url":"https:\/\/www.mariavilabrugue.com\/wp-content\/uploads\/2022\/06\/mariavilalogo.png","contentUrl":"https:\/\/www.mariavilabrugue.com\/wp-content\/uploads\/2022\/06\/mariavilalogo.png","width":562,"height":200,"caption":"Maria Vil\u00e0 Brugu\u00e9"},"image":{"@id":"https:\/\/www.mariavilabrugue.com\/es\/#\/schema\/logo\/image\/"}}]}},"_links":{"self":[{"href":"https:\/\/www.mariavilabrugue.com\/es\/wp-json\/wp\/v2\/pages\/1002","targetHints":{"allow":["GET"]}}],"collection":[{"href":"https:\/\/www.mariavilabrugue.com\/es\/wp-json\/wp\/v2\/pages"}],"about":[{"href":"https:\/\/www.mariavilabrugue.com\/es\/wp-json\/wp\/v2\/types\/page"}],"author":[{"embeddable":true,"href":"https:\/\/www.mariavilabrugue.com\/es\/wp-json\/wp\/v2\/users\/1"}],"replies":[{"embeddable":true,"href":"https:\/\/www.mariavilabrugue.com\/es\/wp-json\/wp\/v2\/comments?post=1002"}],"version-history":[{"count":59,"href":"https:\/\/www.mariavilabrugue.com\/es\/wp-json\/wp\/v2\/pages\/1002\/revisions"}],"predecessor-version":[{"id":2007,"href":"https:\/\/www.mariavilabrugue.com\/es\/wp-json\/wp\/v2\/pages\/1002\/revisions\/2007"}],"wp:attachment":[{"href":"https:\/\/www.mariavilabrugue.com\/es\/wp-json\/wp\/v2\/media?parent=1002"}],"curies":[{"name":"wp","href":"https:\/\/api.w.org\/{rel}","templated":true}]}}